{"id":1032,"date":"2025-02-27T15:00:22","date_gmt":"2025-02-27T13:00:22","guid":{"rendered":"https:\/\/house-of-glory.ro\/?page_id=1032"},"modified":"2025-02-27T15:00:22","modified_gmt":"2025-02-27T13:00:22","slug":"prayer-meeting","status":"publish","type":"page","link":"https:\/\/house-of-glory.ro\/ro\/events\/prayer-meeting\/","title":{"rendered":"\u00cent\u00e2lnire de Rug\u0103ciune"},"content":{"rendered":"\n[et_pb_section fb_built=&#8221;1&#8243; disabled_on=&#8221;on|on|off&#8221; admin_label=&#8221;About&#8221; _builder_version=&#8221;4.27.4&#8243; _module_preset=&#8221;default&#8221; background_color=&#8221;#ebebef&#8221; custom_margin=&#8221;0px||0px||false|false&#8221; custom_padding=&#8221;0px||2px||false|false&#8221; animation_style=&#8221;fade&#8221; locked=&#8221;off&#8221; collapsed=&#8221;on&#8221; global_colors_info=&#8221;{}&#8221;][et_pb_row _builder_version=&#8221;4.27.4&#8243; _module_preset=&#8221;default&#8221; background_color=&#8221;#e5c25e&#8221; module_alignment=&#8221;left&#8221; animation_style=&#8221;fade&#8221; animation_direction=&#8221;right&#8221; border_radii=&#8221;off|||80px|80px&#8221; global_colors_info=&#8221;{}&#8221;][et_pb_column type=&#8221;4_4&#8243; _builder_version=&#8221;4.27.4&#8243; _module_preset=&#8221;default&#8221; global_colors_info=&#8221;{}&#8221;][et_pb_text _builder_version=&#8221;4.27.4&#8243; _module_preset=&#8221;default&#8221; text_font=&#8221;Raleway|500|||||||&#8221; text_text_color=&#8221;#FFFFFF&#8221; text_font_size=&#8221;36px&#8221; text_orientation=&#8221;center&#8221; text_text_shadow_style=&#8221;preset2&#8243; text_text_shadow_horizontal_length=&#8221;0.02em&#8221; text_text_shadow_vertical_length=&#8221;0.02em&#8221; text_text_shadow_blur_strength=&#8221;0.02em&#8221; global_colors_info=&#8221;{}&#8221;]Prayer Meeting[\/et_pb_text][\/et_pb_column][\/et_pb_row][et_pb_row _builder_version=&#8221;4.27.4&#8243; _module_preset=&#8221;default&#8221; custom_padding=&#8221;29px||0px|||&#8221; global_colors_info=&#8221;{}&#8221;][et_pb_column type=&#8221;4_4&#8243; _builder_version=&#8221;4.27.4&#8243; _module_preset=&#8221;default&#8221; global_colors_info=&#8221;{}&#8221;][et_pb_divider color=&#8221;#e5c25e&#8221; divider_weight=&#8221;2px&#8221; _builder_version=&#8221;4.27.4&#8243; _module_preset=&#8221;default&#8221; custom_margin=&#8221;||4px|||&#8221; custom_padding=&#8221;||0px|||&#8221; animation_style=&#8221;slide&#8221; animation_direction=&#8221;left&#8221; animation_duration=&#8221;1050ms&#8221; global_colors_info=&#8221;{}&#8221;][\/et_pb_divider][et_pb_image src=&#8221;https:\/\/house-of-glory.ro\/wp-content\/uploads\/2025\/02\/prayer_meeting_29.03.25.webp&#8221; title_text=&#8221;prayer_meeting_29.03.25&#8243; _builder_version=&#8221;4.27.4&#8243; _module_preset=&#8221;default&#8221; animation_style=&#8221;fold&#8221; animation_direction=&#8221;right&#8221; animation_duration=&#8221;1250ms&#8221; animation_delay=&#8221;100ms&#8221; hover_enabled=&#8221;0&#8243; global_colors_info=&#8221;{}&#8221; sticky_enabled=&#8221;0&#8243; border_radii=&#8221;off|11px|187px|11px|355px&#8221;][\/et_pb_image][et_pb_divider color=&#8221;#e5c25e&#8221; divider_weight=&#8221;2px&#8221; _builder_version=&#8221;4.27.4&#8243; _module_preset=&#8221;default&#8221; custom_margin=&#8221;||23px|||&#8221; custom_padding=&#8221;||0px|||&#8221; animation_style=&#8221;slide&#8221; animation_direction=&#8221;right&#8221; animation_duration=&#8221;1100ms&#8221; global_colors_info=&#8221;{}&#8221;][\/et_pb_divider][\/et_pb_column][\/et_pb_row][\/et_pb_section]\n","protected":false},"excerpt":{"rendered":"<p>\u00cent\u00e2lnire de Rug\u0103ciune<\/p>","protected":false},"author":1,"featured_media":0,"parent":80,"menu_order":0,"comment_status":"closed","ping_status":"closed","template":"","meta":{"_et_pb_use_builder":"on","_et_pb_old_content":"","_et_gb_content_width":"","footnotes":""},"class_list":["post-1032","page","type-page","status-publish","hentry"],"_links":{"self":[{"href":"https:\/\/house-of-glory.ro\/ro\/wp-json\/wp\/v2\/pages\/1032","targetHints":{"allow":["GET"]}}],"collection":[{"href":"https:\/\/house-of-glory.ro\/ro\/wp-json\/wp\/v2\/pages"}],"about":[{"href":"https:\/\/house-of-glory.ro\/ro\/wp-json\/wp\/v2\/types\/page"}],"author":[{"embeddable":true,"href":"https:\/\/house-of-glory.ro\/ro\/wp-json\/wp\/v2\/users\/1"}],"replies":[{"embeddable":true,"href":"https:\/\/house-of-glory.ro\/ro\/wp-json\/wp\/v2\/comments?post=1032"}],"version-history":[{"count":4,"href":"https:\/\/house-of-glory.ro\/ro\/wp-json\/wp\/v2\/pages\/1032\/revisions"}],"predecessor-version":[{"id":1039,"href":"https:\/\/house-of-glory.ro\/ro\/wp-json\/wp\/v2\/pages\/1032\/revisions\/1039"}],"up":[{"embeddable":true,"href":"https:\/\/house-of-glory.ro\/ro\/wp-json\/wp\/v2\/pages\/80"}],"wp:attachment":[{"href":"https:\/\/house-of-glory.ro\/ro\/wp-json\/wp\/v2\/media?parent=1032"}],"curies":[{"name":"wp","href":"https:\/\/api.w.org\/{rel}","templated":true}]}}