{"id":1018,"date":"2025-02-17T14:44:11","date_gmt":"2025-02-17T12:44:11","guid":{"rendered":"https:\/\/house-of-glory.ro\/?page_id=1018"},"modified":"2025-02-17T14:44:42","modified_gmt":"2025-02-17T12:44:42","slug":"thank-you-page","status":"publish","type":"page","link":"https:\/\/house-of-glory.ro\/ro\/events\/open-heavens-for-last-days-generation\/thank-you-page\/","title":{"rendered":"thank you page"},"content":{"rendered":"\n[et_pb_section fb_built=&#8221;1&#8243; _builder_version=&#8221;4.27.4&#8243; _module_preset=&#8221;default&#8221; background_image=&#8221;https:\/\/house-of-glory.ro\/wp-content\/uploads\/2025\/02\/open_heaven_last.webp&#8221; custom_padding=&#8221;19px||62px|||&#8221; animation_style=&#8221;fade&#8221; global_colors_info=&#8221;{}&#8221;][et_pb_row _builder_version=&#8221;4.27.4&#8243; _module_preset=&#8221;default&#8221; background_enable_color=&#8221;off&#8221; custom_margin=&#8221;1px|auto|0px|auto|false|false&#8221; custom_margin_tablet=&#8221;1px|auto|0px|auto|false|false&#8221; custom_margin_phone=&#8221;1px|auto|0px|auto|false|false&#8221; custom_margin_last_edited=&#8221;on|phone&#8221; custom_padding=&#8221;0px||||false|true&#8221; border_radii=&#8221;on|20px|20px|20px|20px&#8221; global_colors_info=&#8221;{}&#8221;][et_pb_column type=&#8221;4_4&#8243; _builder_version=&#8221;4.27.4&#8243; _module_preset=&#8221;default&#8221; global_colors_info=&#8221;{}&#8221;][et_pb_text _builder_version=&#8221;4.27.4&#8243; _module_preset=&#8221;default&#8221; text_font=&#8221;Playfair Display||||||||&#8221; text_text_color=&#8221;#161d40&#8243; text_font_size=&#8221;50px&#8221; text_line_height=&#8221;1.1em&#8221; text_orientation=&#8221;center&#8221; min_height=&#8221;66.8px&#8221; custom_margin=&#8221;50px||||false|false&#8221; custom_margin_tablet=&#8221;50px||||false|false&#8221; custom_margin_phone=&#8221;30px||0px||false|false&#8221; custom_margin_last_edited=&#8221;on|phone&#8221; custom_padding_tablet=&#8221;&#8221; custom_padding_phone=&#8221;||0px||false|false&#8221; custom_padding_last_edited=&#8221;on|phone&#8221; animation_style=&#8221;fade&#8221; text_font_size_tablet=&#8221;32px&#8221; text_font_size_phone=&#8221;28px&#8221; text_font_size_last_edited=&#8221;on|phone&#8221; text_line_height_tablet=&#8221;1.1em&#8221; text_line_height_phone=&#8221;1.1em&#8221; text_line_height_last_edited=&#8221;on|desktop&#8221; text_text_shadow_style=&#8221;preset1&#8243; global_colors_info=&#8221;{}&#8221;]<p>\ud83c\udf89Thank You for Your Donation!\ud83d\ude4f<\/p>[\/et_pb_text][\/et_pb_column][\/et_pb_row][et_pb_row _builder_version=&#8221;4.27.4&#8243; _module_preset=&#8221;default&#8221; background_color=&#8221;#ebebef&#8221; custom_margin=&#8221;10px||||false|false&#8221; custom_padding=&#8221;3px|20px|6px|20px|false|true&#8221; animation_style=&#8221;fade&#8221; border_radii=&#8221;on|20px|20px|20px|20px&#8221; global_colors_info=&#8221;{}&#8221;][et_pb_column type=&#8221;4_4&#8243; _builder_version=&#8221;4.27.4&#8243; _module_preset=&#8221;default&#8221; global_colors_info=&#8221;{}&#8221;][et_pb_text content_tablet=&#8221;<p><strong>Pentru a finaliza dona\u021bia pentru conferin\u021b\u0103, v\u0103 rug\u0103m s\u0103 folosi\u021bi urm\u0103toarele date bancare:<\/strong><\/p>\n<p style=%22padding-left: 40px;%22>\u2705 Nume Beneficiar: <em><strong>Asocia\u021bia Cre\u0219tin\u0103 Cultural\u0103 \u0219i de Binefacere Sion<\/strong><\/em><br \/>\u2705 IBAN: <strong><em>RO88 INGB 0000 9999 1679 4295<\/em><\/strong><br \/>\u2705 Cod SWIFT: <strong><em>INGBROBU<\/em><\/strong><br \/>\u2705 Nume Banc\u0103: <em><strong>ING Bank N.V. Amsterdam, Filiala Bucure\u0219t<\/strong><\/em>i<br \/>\u2705 Adresa B\u0103ncii: <strong><em>Expo Business Park, Str. Aviator Popi\u0219teanu nr. 54A, Cl\u0103direa nr. 3, Sector 1, Bucure\u0219t<\/em><\/strong>i<br \/>\u2705 Referin\u021b\u0103 Plat\u0103: <strong><em>DONA\u021aIE<\/em><\/strong><\/p>\n<p><strong>Taxa de dona\u021bie pentru conferin\u021b\u0103<\/strong><\/p>\n<p style=%22padding-left: 40px;%22>\ud83d\udcb0 <strong>210 RON pe persoan\u0103<\/strong><br \/><em>(V\u0103 rug\u0103m s\u0103 v\u0103 asigura\u021bi c\u0103 suma corespunde num\u0103rului de participan\u021bi.)<\/em><\/p>\n<p><strong>Pa\u0219i pentru a finaliza dona\u021bia:<\/strong><\/p>\n<ul>\n<li>Conecta\u021bi-v\u0103 la contul dumneavoastr\u0103 de Internet Banking sau Mobile Banking.<\/li>\n<li>Selecta\u021bi op\u021biunea \u201eTransfer\u201d sau \u201ePlat\u0103\u201d.<\/li>\n<li>Introduce\u021bi detaliile beneficiarului:<\/li>\n<\/ul>\n<ul>\n<li style=%22list-style-type: none;%22>\n<ul>\n<li>Nume: <em><strong>Asocia\u021bia Cre\u0219tin\u0103 Cultural\u0103 \u0219i de Binefacere Sion<\/strong><\/em><\/li>\n<li>IBAN: <strong><em>RO88 INGB 0000 9999 1679 4295<\/em><\/strong><\/li>\n<li>Cod SWIFT: <strong><em>INGBROBU<\/em><\/strong><\/li>\n<li>Nume Banc\u0103: <em><strong>ING Bank N.V. Amsterdam, Filiala Bucure\u0219ti<\/strong><\/em><\/li>\n<li>Adresa B\u0103ncii (dac\u0103 este necesar): <strong><em>Expo Business Park, Str. Aviator Popi\u0219teanu nr. 54A, Cl\u0103direa nr. 3, Sector 1, Bucure\u0219ti<\/em><\/strong><strong><em><\/em><\/strong><\/li>\n<\/ul>\n<\/li>\n<\/ul>\n<ul>\n<li>Introduce\u021bi detaliile dona\u021biei:\n<ul>\n<li style=%22list-style-type: none;%22>\n<ul>\n<li>Sum\u0103: <strong><em>210 RON \u00d7 Num\u0103rul Participan\u021bilor<\/em><\/strong><\/li>\n<li>Referin\u021b\u0103: <em><\/em><strong><em>DONA\u021aIE<\/em><\/strong><\/li>\n<li><strong><em>C<\/em><\/strong>onfirma\u0163i \u015fi finaliza\u0163i donatia.<\/li>\n<\/ul>\n<\/li>\n<\/ul>\n<\/li>\n<\/ul>\n<p><strong>Confirmarea dona\u021biei<\/strong><\/p>\n<p>\ud83d\udccc Dup\u0103 ce efectua\u021bi transferul, v\u0103 rug\u0103m s\u0103 trimite\u021bi confirmarea dona\u021biei c\u00e2t mai cur\u00e2nd posibil pentru a v\u0103 asigura locul la conferin\u021b\u0103 la adresa<a href=%22mailto:contact@house-of-glory.ro%22 data-et-target-link=%22_blank%22 rel=%22noopener%22> contact@house-of-glory.ro<\/a> cu subiectul <strong><em>\u201eDona\u021bie Conferin\u021b\u0103 \u2013 %91Numele dumneavoastr\u0103%93\u201d<\/em><\/strong>.<\/p>\n<p>\ud83d\udcde <strong>Pentru \u00eentreb\u0103ri sau asisten\u021b\u0103, nu ezita\u021bi s\u0103 ne contacta\u021bi la:<\/strong><\/p>\n<ul>\n<li style=%22list-style-type: none;%22>\n<ul>\n<li>\ud83d\udcf2 Tel.: +40.758.695.930 <a href=%22https:\/\/wa.me\/40758695930%22 style=%22color: #2cb23f;%22>WhatsApp<\/a> \/ <a href=%22https:\/\/t.me\/CasaG2025%22 style=%22color: #0088cc;%22>Telegram<\/a><\/li>\n<li>\ud83d\udce7 Email: <a href=%22mailto:contact@house-of-glory.ro%22>contact@house-of-glory.ro<\/a><\/li>\n<\/ul>\n<\/li>\n<\/ul>&#8221; content_phone=&#8221;<p><strong>Pentru a finaliza dona\u021bia pentru conferin\u021b\u0103, v\u0103 rug\u0103m s\u0103 folosi\u021bi urm\u0103toarele date bancare:<\/strong><\/p>\n<p>\u2705 Nume Beneficiar: <em><strong>Asocia\u021bia Cre\u0219tin\u0103 Cultural\u0103 \u0219i de Binefacere Sion<\/strong><\/em><br \/>\u2705 IBAN: <strong><em>RO88 INGB 0000 9999 1679 4295<\/em><\/strong><br \/>\u2705 Cod SWIFT: <strong><em>INGBROBU<\/em><\/strong><br \/>\u2705 Nume Banc\u0103: <em><strong>ING Bank N.V. Amsterdam, Filiala Bucure\u0219t<\/strong><\/em>i<br \/>\u2705 Adresa B\u0103ncii: <strong><em>Expo Business Park, Str. Aviator Popi\u0219teanu nr. 54A, Cl\u0103direa nr. 3, Sector 1, Bucure\u0219t<\/em><\/strong>i<br \/>\u2705 Referin\u021b\u0103 Plat\u0103: <strong><em>DONA\u021aIE<\/em><\/strong><\/p>\n<p><strong>Taxa de dona\u021bie pentru conferin\u021b\u0103<\/strong><\/p>\n<p>\ud83d\udcb0 <strong>210 RON pe persoan\u0103<\/strong><br \/><em>(V\u0103 rug\u0103m s\u0103 v\u0103 asigura\u021bi c\u0103 suma corespunde num\u0103rului de participan\u021bi.)<\/em><\/p>\n<p><strong>Pa\u0219i pentru a finaliza dona\u021bia:<\/strong><\/p>\n<ul>\n<li>Conecta\u021bi-v\u0103 la contul dumneavoastr\u0103 de Internet Banking sau Mobile Banking.<\/li>\n<li>Selecta\u021bi op\u021biunea \u201eTransfer\u201d sau \u201ePlat\u0103\u201d.<\/li>\n<li>Introduce\u021bi detaliile beneficiarului:<\/li>\n<\/ul>\n<ul>\n<li style=%22list-style-type: none;%22>\n<ul>\n<li>Nume: <em><strong>Asocia\u021bia Cre\u0219tin\u0103 Cultural\u0103 \u0219i de Binefacere Sion<\/strong><\/em><\/li>\n<li>IBAN: <strong><em>RO88 INGB 0000 9999 1679 4295<\/em><\/strong><\/li>\n<li>Cod SWIFT: <strong><em>INGBROBU<\/em><\/strong><\/li>\n<li>Nume Banc\u0103: <em><strong>ING Bank N.V. Amsterdam, Filiala Bucure\u0219ti<\/strong><\/em><\/li>\n<li>Adresa B\u0103ncii (dac\u0103 este necesar): <strong><em>Expo Business Park, Str. Aviator Popi\u0219teanu nr. 54A, Cl\u0103direa nr. 3, Sector 1, Bucure\u0219ti<\/em><\/strong><strong><em><\/em><\/strong><\/li>\n<\/ul>\n<\/li>\n<\/ul>\n<ul>\n<li>Introduce\u021bi detaliile dona\u021biei:\n<ul>\n<li style=%22list-style-type: none;%22>\n<ul>\n<li>Sum\u0103: <strong><em>210 RON \u00d7 Num\u0103rul Participan\u021bilor<\/em><\/strong><\/li>\n<li>Referin\u021b\u0103: <em><\/em><strong><em>DONA\u021aIE<\/em><\/strong><\/li>\n<\/ul>\n<\/li>\n<\/ul>\n<\/li>\n<li>Confirma\u021bi \u0219i finaliza\u021bi dona\u021bia.<\/li>\n<\/ul>\n<p><strong>Confirmarea dona\u021biei<\/strong><\/p>\n<p>\ud83d\udccc Dup\u0103 ce efectua\u021bi transferul, v\u0103 rug\u0103m s\u0103 trimite\u021bi confirmarea dona\u021biei c\u00e2t mai cur\u00e2nd posibil pentru a v\u0103 asigura locul la conferin\u021b\u0103 la adresa<a href=%22mailto:contact@house-of-glory.ro%22 data-et-target-link=%22_blank%22 rel=%22noopener%22> contact@house-of-glory.ro<\/a> cu subiectul <strong><em>\u201eDona\u021bie Conferin\u021b\u0103 \u2013 %91Numele dumneavoastr\u0103%93\u201d<\/em><\/strong>.<\/p>\n<p>\ud83d\udcde <strong>Pentru \u00eentreb\u0103ri sau asisten\u021b\u0103, nu ezita\u021bi s\u0103 ne contacta\u021bi la:<\/strong><\/p>\n<ul>\n<li>\ud83d\udcf2 Tel.: +40.758.695.930 <a href=%22https:\/\/wa.me\/40758695930%22 style=%22color: #2cb23f;%22>WhatsApp<\/a> \/ <a href=%22https:\/\/t.me\/CasaG2025%22 style=%22color: #0088cc;%22>Telegram <\/a><\/li>\n<li>\ud83d\udce7 Email: <a href=%22mailto:contact@house-of-glory.ro%22>contact@house-of-glory.ro<\/a><\/li>\n<\/ul>&#8221; content_last_edited=&#8221;off|desktop&#8221; _builder_version=&#8221;4.27.4&#8243; _module_preset=&#8221;default&#8221; text_font=&#8221;&#8211;et_global_body_font||||||||&#8221; text_font_size=&#8221;16px&#8221; custom_margin=&#8221;20px||||false|false&#8221; custom_padding=&#8221;0px|||||&#8221; hover_enabled=&#8221;0&#8243; global_colors_info=&#8221;{}&#8221; sticky_enabled=&#8221;0&#8243;]<p>Your support helps make the <strong><em>Open Heavens for Last Days Generation<\/em><\/strong> event a reality.<br \/>We are thrilled to have you join us for this powerful experience. \u2728<\/p>\n<p><strong>Event Details:<\/strong><\/p>\n<ul>\n<li>\ud83d\udcc5 Date: <strong>5-7 June 2025<\/strong><\/li>\n<li>\ud83d\udccd Location: <strong>C2 Hall Romexpo, Bd. Marasti, nr. 65-67<\/strong><\/li>\n<li><strong>\ud83d\uddfa\ufe0f <\/strong>GPS:<strong> 44\u00b0 28\u00b4 34.79\u2033 N and 26\u00b0 03\u00b4 57.89\u2033 E<\/strong><\/li>\n<\/ul>\n<p>We can\u2019t wait to see you there! \ud83d\ude03<\/p>\n<p><strong>Optional:<\/strong><\/p>\n<ul>\n<li>\ud83d\udc8c <strong>Invite a friend:<\/strong> Share the event with someone close to you and help spread the word about this amazing opportunity.<\/li>\n<li>\u2764\ufe0f <strong> Want to get involved further?<\/strong>\u00a0<a href=\"https:\/\/house-of-glory.ro\/contact\/\">Contact us<\/a><\/li>\n<\/ul>[\/et_pb_text][\/et_pb_column][\/et_pb_row][et_pb_row _builder_version=&#8221;4.27.4&#8243; _module_preset=&#8221;default&#8221; custom_padding=&#8221;||0px|||&#8221; global_colors_info=&#8221;{}&#8221;][et_pb_column type=&#8221;4_4&#8243; _builder_version=&#8221;4.27.4&#8243; _module_preset=&#8221;default&#8221; global_colors_info=&#8221;{}&#8221;][et_pb_button button_url=&#8221;@ET-DC@eyJkeW5hbWljIjp0cnVlLCJjb250ZW50IjoicG9zdF9saW5rX3VybF9wYWdlIiwic2V0dGluZ3MiOnsicG9zdF9pZCI6IjIyMSJ9fQ==@&#8221; button_text=&#8221;Back to Conference Page&#8221; button_alignment=&#8221;center&#8221; _builder_version=&#8221;4.27.4&#8243; _dynamic_attributes=&#8221;button_url&#8221; _module_preset=&#8221;default&#8221; custom_button=&#8221;on&#8221; button_text_size=&#8221;22px&#8221; button_text_color=&#8221;#FFFFFF&#8221; button_bg_color=&#8221;#f47626&#8243; button_border_color=&#8221;RGBA(255,255,255,0)&#8221; button_border_radius=&#8221;10px&#8221; button_font=&#8221;Raleway||||||||&#8221; button_icon=&#8221;&#xe049;||divi||400&#8243; button_icon_placement=&#8221;left&#8221; button_on_hover=&#8221;off&#8221; custom_margin=&#8221;14px||10px||false|false&#8221; animation_style=&#8221;fade&#8221; global_colors_info=&#8221;{}&#8221;][\/et_pb_button][\/et_pb_column][\/et_pb_row][\/et_pb_section]\n","protected":false},"excerpt":{"rendered":"<p>\ud83c\udf89Thank You for Your Donation!\ud83d\ude4fYour support helps make the Open Heavens for Last Days Generation event a reality.We are thrilled to have you join us for this powerful experience. \u2728 Event Details: \ud83d\udcc5 Date: 5-7 June 2025 \ud83d\udccd Location: C2 Hall Romexpo, Bd. Marasti, nr. 65-67 \ud83d\uddfa\ufe0f GPS: 44\u00b0 28\u00b4 34.79\u2033 N and 26\u00b0 03\u00b4 [&hellip;]<\/p>\n","protected":false},"author":1,"featured_media":0,"parent":221,"menu_order":0,"comment_status":"closed","ping_status":"closed","template":"","meta":{"_et_pb_use_builder":"on","_et_pb_old_content":"","_et_gb_content_width":"","footnotes":""},"class_list":["post-1018","page","type-page","status-publish","hentry"],"_links":{"self":[{"href":"https:\/\/house-of-glory.ro\/ro\/wp-json\/wp\/v2\/pages\/1018","targetHints":{"allow":["GET"]}}],"collection":[{"href":"https:\/\/house-of-glory.ro\/ro\/wp-json\/wp\/v2\/pages"}],"about":[{"href":"https:\/\/house-of-glory.ro\/ro\/wp-json\/wp\/v2\/types\/page"}],"author":[{"embeddable":true,"href":"https:\/\/house-of-glory.ro\/ro\/wp-json\/wp\/v2\/users\/1"}],"replies":[{"embeddable":true,"href":"https:\/\/house-of-glory.ro\/ro\/wp-json\/wp\/v2\/comments?post=1018"}],"version-history":[{"count":4,"href":"https:\/\/house-of-glory.ro\/ro\/wp-json\/wp\/v2\/pages\/1018\/revisions"}],"predecessor-version":[{"id":1023,"href":"https:\/\/house-of-glory.ro\/ro\/wp-json\/wp\/v2\/pages\/1018\/revisions\/1023"}],"up":[{"embeddable":true,"href":"https:\/\/house-of-glory.ro\/ro\/wp-json\/wp\/v2\/pages\/221"}],"wp:attachment":[{"href":"https:\/\/house-of-glory.ro\/ro\/wp-json\/wp\/v2\/media?parent=1018"}],"curies":[{"name":"wp","href":"https:\/\/api.w.org\/{rel}","templated":true}]}}